{"id":227,"date":"2017-12-07T13:04:55","date_gmt":"2017-12-07T13:04:55","guid":{"rendered":"http:\/\/www.reklamastyl.cz\/?page_id=227"},"modified":"2019-06-17T10:01:01","modified_gmt":"2019-06-17T10:01:01","slug":"sigmaking","status":"publish","type":"page","link":"https:\/\/www.reklamastyl.cz\/index.php\/sigmaking\/","title":{"rendered":"Signmaking"},"content":{"rendered":"<h2><span style=\"color: #008000;\"><strong><img loading=\"lazy\" decoding=\"async\" class=\" wp-image-471 alignleft\" src=\"http:\/\/www.reklamastyl.cz\/wp-content\/uploads\/2017\/12\/27710x1-300x141.jpg\" alt=\"\" width=\"434\" height=\"204\" srcset=\"https:\/\/www.reklamastyl.cz\/wp-content\/uploads\/2017\/12\/27710x1-300x141.jpg 300w, https:\/\/www.reklamastyl.cz\/wp-content\/uploads\/2017\/12\/27710x1-768x362.jpg 768w, https:\/\/www.reklamastyl.cz\/wp-content\/uploads\/2017\/12\/27710x1.jpg 800w\" sizes=\"auto, (max-width: 434px) 100vw, 434px\" \/><\/strong><\/span><\/h2>\n<h2><\/h2>\n<h2><span style=\"color: #008000;\"><strong>Polepy, billboardy, bannery<\/strong><\/span><\/h2>\n<h4>Chcete b\u00fdt vid\u011bt? Rozj\u00ed\u017ed\u00edte n\u011bjakou akci nebo zkr\u00e1tka zakl\u00e1d\u00e1te novou firmu? Navrhneme V\u00e1m reklamu na Va\u0161e auto, polep\u00edme v\u00fdlohu, vyrob\u00edme banner nebo billboard. V p\u0159\u00edpad\u011b, \u017ee pot\u0159ebujete ve firm\u011b um\u00edstit orienta\u010dn\u00ed syst\u00e9m, vybavit j\u00ed stojany na let\u00e1ky \u010di jinou navigaci, zavolejte. R\u00e1di V\u00e1m zpracujeme nab\u00eddku.<\/h4>\n<h3><\/h3>\n<h3><\/h3>\n<h3><\/h3>\n<h3><\/h3>\n<h3><\/h3>\n<p>&nbsp;<\/p>\n<h3><\/h3>\n<h3><span style=\"color: #008000;\"><strong>Venkovn\u00ed reklama na sloupech a v m\u011bstsk\u00e9 doprav\u011b<\/strong><\/span><\/h3>\n<h4 style=\"text-align: left;\">Zajist\u00edme V\u00e1m pron\u00e1jem reklamy na sloupech, navigace, v autobusech a trolejbusech v podob\u011b let\u00e1k\u016f nebo visa\u010dek.<\/h4>\n<p>&nbsp;<\/p>\n<p><img loading=\"lazy\" decoding=\"async\" class=\"wp-image-693 alignleft\" src=\"http:\/\/www.reklamastyl.cz\/wp-content\/uploads\/2017\/12\/Kostelec2-1-300x200.jpg\" alt=\"\" width=\"249\" height=\"166\" srcset=\"https:\/\/www.reklamastyl.cz\/wp-content\/uploads\/2017\/12\/Kostelec2-1-300x200.jpg 300w, https:\/\/www.reklamastyl.cz\/wp-content\/uploads\/2017\/12\/Kostelec2-1-768x512.jpg 768w, https:\/\/www.reklamastyl.cz\/wp-content\/uploads\/2017\/12\/Kostelec2-1-1024x682.jpg 1024w\" sizes=\"auto, (max-width: 249px) 100vw, 249px\" \/>\u00a0 <img loading=\"lazy\" decoding=\"async\" class=\"wp-image-692 alignleft\" src=\"http:\/\/www.reklamastyl.cz\/wp-content\/uploads\/2017\/12\/DSC_0056-1-300x199.jpg\" alt=\"\" width=\"254\" height=\"169\" srcset=\"https:\/\/www.reklamastyl.cz\/wp-content\/uploads\/2017\/12\/DSC_0056-1-300x199.jpg 300w, https:\/\/www.reklamastyl.cz\/wp-content\/uploads\/2017\/12\/DSC_0056-1-768x509.jpg 768w, https:\/\/www.reklamastyl.cz\/wp-content\/uploads\/2017\/12\/DSC_0056-1-1024x678.jpg 1024w\" sizes=\"auto, (max-width: 254px) 100vw, 254px\" \/>\u00a0 <img loading=\"lazy\" decoding=\"async\" class=\"wp-image-691 alignleft\" src=\"http:\/\/www.reklamastyl.cz\/wp-content\/uploads\/2017\/12\/auto-1.jpg\" alt=\"\" width=\"226\" height=\"169\" \/>\u00a0 <img loading=\"lazy\" decoding=\"async\" class=\"wp-image-766 alignleft\" src=\"http:\/\/www.reklamastyl.cz\/wp-content\/uploads\/2017\/12\/Auto-J-300x211.gif\" alt=\"\" width=\"235\" height=\"165\" \/><\/p>\n<p>&nbsp;<\/p>\n<h4 style=\"text-align: left;\"><\/h4>\n<h4 style=\"text-align: left;\"><\/h4>\n<p>&nbsp;<\/p>\n<p>&nbsp;<\/p>\n","protected":false},"excerpt":{"rendered":"<p>Polepy, billboardy, bannery Chcete b\u00fdt vid\u011bt? Rozj\u00ed\u017ed\u00edte n\u011bjakou akci nebo zkr\u00e1tka zakl\u00e1d\u00e1te novou firmu? Navrhneme V\u00e1m reklamu na Va\u0161e auto, polep\u00edme v\u00fdlohu, vyrob\u00edme banner nebo billboard. V p\u0159\u00edpad\u011b, \u017ee pot\u0159ebujete ve firm\u011b um\u00edstit orienta\u010dn\u00ed syst\u00e9m, vybavit j\u00ed stojany na let\u00e1ky \u010di jinou navigaci, zavolejte. R\u00e1di V\u00e1m zpracujeme nab\u00eddku. &nbsp; Venkovn\u00ed reklama na sloupech a v [&hellip;]<\/p>\n","protected":false},"author":1,"featured_media":0,"parent":0,"menu_order":0,"comment_status":"closed","ping_status":"closed","template":"Page-fullwidth.php","meta":{"footnotes":""},"class_list":["post-227","page","type-page","status-publish","hentry"],"_links":{"self":[{"href":"https:\/\/www.reklamastyl.cz\/index.php\/wp-json\/wp\/v2\/pages\/227","targetHints":{"allow":["GET"]}}],"collection":[{"href":"https:\/\/www.reklamastyl.cz\/index.php\/wp-json\/wp\/v2\/pages"}],"about":[{"href":"https:\/\/www.reklamastyl.cz\/index.php\/wp-json\/wp\/v2\/types\/page"}],"author":[{"embeddable":true,"href":"https:\/\/www.reklamastyl.cz\/index.php\/wp-json\/wp\/v2\/users\/1"}],"replies":[{"embeddable":true,"href":"https:\/\/www.reklamastyl.cz\/index.php\/wp-json\/wp\/v2\/comments?post=227"}],"version-history":[{"count":47,"href":"https:\/\/www.reklamastyl.cz\/index.php\/wp-json\/wp\/v2\/pages\/227\/revisions"}],"predecessor-version":[{"id":1079,"href":"https:\/\/www.reklamastyl.cz\/index.php\/wp-json\/wp\/v2\/pages\/227\/revisions\/1079"}],"wp:attachment":[{"href":"https:\/\/www.reklamastyl.cz\/index.php\/wp-json\/wp\/v2\/media?parent=227"}],"curies":[{"name":"wp","href":"https:\/\/api.w.org\/{rel}","templated":true}]}}