{"id":239,"date":"2017-12-07T13:06:48","date_gmt":"2017-12-07T13:06:48","guid":{"rendered":"http:\/\/www.reklamastyl.cz\/?page_id=239"},"modified":"2017-12-08T10:54:53","modified_gmt":"2017-12-08T10:54:53","slug":"tisk","status":"publish","type":"page","link":"https:\/\/www.reklamastyl.cz\/index.php\/tisk\/","title":{"rendered":"Tisk"},"content":{"rendered":"<h4><img loading=\"lazy\" decoding=\"async\" class=\"wp-image-457 alignright\" src=\"http:\/\/www.reklamastyl.cz\/wp-content\/uploads\/2017\/12\/tiskoviny1-300x230.jpg\" alt=\"\" width=\"359\" height=\"275\" srcset=\"https:\/\/www.reklamastyl.cz\/wp-content\/uploads\/2017\/12\/tiskoviny1-300x230.jpg 300w, https:\/\/www.reklamastyl.cz\/wp-content\/uploads\/2017\/12\/tiskoviny1.jpg 600w\" sizes=\"auto, (max-width: 359px) 100vw, 359px\" \/><\/h4>\n<h4 style=\"text-align: left;\">Vytiskneme V\u00e1m v\u0161e co pot\u0159ebujete v po\u017eadovan\u00fdch n\u00e1kladech ofsetovou i digit\u00e1ln\u00ed technologi\u00ed. Po\u010d\u00ednaje vizitkou p\u0159es let\u00e1ky, bro\u017eury, desky, katalogy, manu\u00e1ly a dal\u0161\u00ed firemn\u00ed tiskoviny. Doporu\u010d\u00edme V\u00e1m vhodn\u00fd materi\u00e1l, jeho \u00fapravu ve form\u011b v\u00fdsek\u016f, ra\u017eby, lamin nebo parci\u00e1ln\u00edch lak\u016f. Tak\u00e9 m\u016f\u017eeme nab\u00eddnout v\u00fdrobu krabi\u010dek a obal\u016f z kart\u00f3nu v p\u0159\u00edrodn\u00ed barv\u011b nebo s naka\u0161\u00edrovan\u00fdm barevn\u00fdm motivem r\u016fzn\u00fdch tvar\u016f a velikost\u00ed.<\/h4>\n<h4><strong><span style=\"color: #008000;\">vizitky &#8211; let\u00e1ky &#8211; katalogy &#8211; pouk\u00e1zky &#8211; plak\u00e1ty &#8211; firemn\u00ed desky a dal\u0161\u00ed tiskoviny<\/span><\/strong><\/h4>\n<p>&nbsp;<\/p>\n<h4><\/h4>\n","protected":false},"excerpt":{"rendered":"<p>Vytiskneme V\u00e1m v\u0161e co pot\u0159ebujete v po\u017eadovan\u00fdch n\u00e1kladech ofsetovou i digit\u00e1ln\u00ed technologi\u00ed. Po\u010d\u00ednaje vizitkou p\u0159es let\u00e1ky, bro\u017eury, desky, katalogy, manu\u00e1ly a dal\u0161\u00ed firemn\u00ed tiskoviny. Doporu\u010d\u00edme V\u00e1m vhodn\u00fd materi\u00e1l, jeho \u00fapravu ve form\u011b v\u00fdsek\u016f, ra\u017eby, lamin nebo parci\u00e1ln\u00edch lak\u016f. Tak\u00e9 m\u016f\u017eeme nab\u00eddnout v\u00fdrobu krabi\u010dek a obal\u016f z kart\u00f3nu v p\u0159\u00edrodn\u00ed barv\u011b nebo s naka\u0161\u00edrovan\u00fdm barevn\u00fdm motivem [&hellip;]<\/p>\n","protected":false},"author":1,"featured_media":0,"parent":0,"menu_order":0,"comment_status":"closed","ping_status":"closed","template":"Page-fullwidth.php","meta":{"footnotes":""},"class_list":["post-239","page","type-page","status-publish","hentry"],"_links":{"self":[{"href":"https:\/\/www.reklamastyl.cz\/index.php\/wp-json\/wp\/v2\/pages\/239","targetHints":{"allow":["GET"]}}],"collection":[{"href":"https:\/\/www.reklamastyl.cz\/index.php\/wp-json\/wp\/v2\/pages"}],"about":[{"href":"https:\/\/www.reklamastyl.cz\/index.php\/wp-json\/wp\/v2\/types\/page"}],"author":[{"embeddable":true,"href":"https:\/\/www.reklamastyl.cz\/index.php\/wp-json\/wp\/v2\/users\/1"}],"replies":[{"embeddable":true,"href":"https:\/\/www.reklamastyl.cz\/index.php\/wp-json\/wp\/v2\/comments?post=239"}],"version-history":[{"count":13,"href":"https:\/\/www.reklamastyl.cz\/index.php\/wp-json\/wp\/v2\/pages\/239\/revisions"}],"predecessor-version":[{"id":467,"href":"https:\/\/www.reklamastyl.cz\/index.php\/wp-json\/wp\/v2\/pages\/239\/revisions\/467"}],"wp:attachment":[{"href":"https:\/\/www.reklamastyl.cz\/index.php\/wp-json\/wp\/v2\/media?parent=239"}],"curies":[{"name":"wp","href":"https:\/\/api.w.org\/{rel}","templated":true}]}}