{"id":244,"date":"2017-12-07T13:07:28","date_gmt":"2017-12-07T13:07:28","guid":{"rendered":"http:\/\/www.reklamastyl.cz\/?page_id=244"},"modified":"2017-12-08T10:28:15","modified_gmt":"2017-12-08T10:28:15","slug":"foto-3","status":"publish","type":"page","link":"https:\/\/www.reklamastyl.cz\/index.php\/foto-3\/","title":{"rendered":"Foto"},"content":{"rendered":"\n\t\t<style type=\"text\/css\">\n\t\t\t#gallery-1 {\n\t\t\t\tmargin: auto;\n\t\t\t}\n\t\t\t#gallery-1 .gallery-item {\n\t\t\t\tfloat: left;\n\t\t\t\tmargin-top: 10px;\n\t\t\t\ttext-align: center;\n\t\t\t\twidth: 12%;\n\t\t\t}\n\t\t\t#gallery-1 img {\n\t\t\t\tborder: 2px solid #cfcfcf;\n\t\t\t}\n\t\t\t#gallery-1 .gallery-caption {\n\t\t\t\tmargin-left: 0;\n\t\t\t}\n\t\t\t\/* see gallery_shortcode() in wp-includes\/media.php *\/\n\t\t<\/style>\n\t\t<div id='gallery-1' class='gallery galleryid-244 gallery-columns-8 gallery-size-thumbnail'><dl class='gallery-item'>\n\t\t\t<dt class='gallery-icon landscape'>\n\t\t\t\t<a href='https:\/\/www.reklamastyl.cz\/wp-content\/uploads\/2017\/12\/DSC_0267.jpg'><img loading=\"lazy\" decoding=\"async\" width=\"150\" height=\"150\" src=\"https:\/\/www.reklamastyl.cz\/wp-content\/uploads\/2017\/12\/DSC_0267-150x150.jpg\" class=\"attachment-thumbnail size-thumbnail\" alt=\"\" \/><\/a>\n\t\t\t<\/dt><\/dl><dl class='gallery-item'>\n\t\t\t<dt class='gallery-icon landscape'>\n\t\t\t\t<a href='https:\/\/www.reklamastyl.cz\/wp-content\/uploads\/2017\/12\/DSC_0240.jpg'><img loading=\"lazy\" decoding=\"async\" width=\"150\" height=\"150\" src=\"https:\/\/www.reklamastyl.cz\/wp-content\/uploads\/2017\/12\/DSC_0240-150x150.jpg\" class=\"attachment-thumbnail size-thumbnail\" alt=\"\" \/><\/a>\n\t\t\t<\/dt><\/dl><dl class='gallery-item'>\n\t\t\t<dt class='gallery-icon portrait'>\n\t\t\t\t<a href='https:\/\/www.reklamastyl.cz\/wp-content\/uploads\/2017\/12\/DSC_0129.jpg'><img loading=\"lazy\" decoding=\"async\" width=\"150\" height=\"150\" src=\"https:\/\/www.reklamastyl.cz\/wp-content\/uploads\/2017\/12\/DSC_0129-150x150.jpg\" class=\"attachment-thumbnail size-thumbnail\" alt=\"\" \/><\/a>\n\t\t\t<\/dt><\/dl><dl class='gallery-item'>\n\t\t\t<dt class='gallery-icon landscape'>\n\t\t\t\t<a href='https:\/\/www.reklamastyl.cz\/wp-content\/uploads\/2017\/12\/DSC_0074.jpg'><img loading=\"lazy\" decoding=\"async\" width=\"150\" height=\"150\" src=\"https:\/\/www.reklamastyl.cz\/wp-content\/uploads\/2017\/12\/DSC_0074-150x150.jpg\" class=\"attachment-thumbnail size-thumbnail\" alt=\"\" \/><\/a>\n\t\t\t<\/dt><\/dl><dl class='gallery-item'>\n\t\t\t<dt class='gallery-icon landscape'>\n\t\t\t\t<a href='https:\/\/www.reklamastyl.cz\/wp-content\/uploads\/2017\/12\/Kompozice-final.jpg'><img loading=\"lazy\" decoding=\"async\" width=\"150\" height=\"150\" src=\"https:\/\/www.reklamastyl.cz\/wp-content\/uploads\/2017\/12\/Kompozice-final-150x150.jpg\" class=\"attachment-thumbnail size-thumbnail\" alt=\"\" \/><\/a>\n\t\t\t<\/dt><\/dl><dl class='gallery-item'>\n\t\t\t<dt class='gallery-icon landscape'>\n\t\t\t\t<a href='https:\/\/www.reklamastyl.cz\/wp-content\/uploads\/2017\/12\/Ko\u0161\u00edk2-kopie.jpg'><img loading=\"lazy\" decoding=\"async\" width=\"150\" height=\"150\" src=\"https:\/\/www.reklamastyl.cz\/wp-content\/uploads\/2017\/12\/Ko\u0161\u00edk2-kopie-150x150.jpg\" class=\"attachment-thumbnail size-thumbnail\" alt=\"\" \/><\/a>\n\t\t\t<\/dt><\/dl><dl class='gallery-item'>\n\t\t\t<dt class='gallery-icon landscape'>\n\t\t\t\t<a href='https:\/\/www.reklamastyl.cz\/wp-content\/uploads\/2017\/12\/paprikas-p.jpg'><img loading=\"lazy\" decoding=\"async\" width=\"150\" height=\"150\" src=\"https:\/\/www.reklamastyl.cz\/wp-content\/uploads\/2017\/12\/paprikas-p-150x150.jpg\" class=\"attachment-thumbnail size-thumbnail\" alt=\"\" \/><\/a>\n\t\t\t<\/dt><\/dl><dl class='gallery-item'>\n\t\t\t<dt class='gallery-icon landscape'>\n\t\t\t\t<a href='https:\/\/www.reklamastyl.cz\/wp-content\/uploads\/2017\/12\/Foto.jpg'><img loading=\"lazy\" decoding=\"async\" width=\"150\" height=\"150\" src=\"https:\/\/www.reklamastyl.cz\/wp-content\/uploads\/2017\/12\/Foto-150x150.jpg\" class=\"attachment-thumbnail size-thumbnail\" alt=\"\" \/><\/a>\n\t\t\t<\/dt><\/dl><br style=\"clear: both\" \/><dl class='gallery-item'>\n\t\t\t<dt class='gallery-icon landscape'>\n\t\t\t\t<a href='https:\/\/www.reklamastyl.cz\/wp-content\/uploads\/2017\/12\/Feferonkov\u00fd-sal\u00e1t-kopie.jpg'><img loading=\"lazy\" decoding=\"async\" width=\"150\" height=\"150\" src=\"https:\/\/www.reklamastyl.cz\/wp-content\/uploads\/2017\/12\/Feferonkov\u00fd-sal\u00e1t-kopie-150x150.jpg\" class=\"attachment-thumbnail size-thumbnail\" alt=\"\" \/><\/a>\n\t\t\t<\/dt><\/dl><dl class='gallery-item'>\n\t\t\t<dt class='gallery-icon landscape'>\n\t\t\t\t<a href='https:\/\/www.reklamastyl.cz\/wp-content\/uploads\/2017\/12\/PICT0004.jpg'><img loading=\"lazy\" decoding=\"async\" width=\"150\" height=\"150\" src=\"https:\/\/www.reklamastyl.cz\/wp-content\/uploads\/2017\/12\/PICT0004-150x150.jpg\" class=\"attachment-thumbnail size-thumbnail\" alt=\"\" \/><\/a>\n\t\t\t<\/dt><\/dl><dl class='gallery-item'>\n\t\t\t<dt class='gallery-icon landscape'>\n\t\t\t\t<a href='https:\/\/www.reklamastyl.cz\/wp-content\/uploads\/2017\/12\/Zamek.jpg'><img loading=\"lazy\" decoding=\"async\" width=\"150\" height=\"150\" src=\"https:\/\/www.reklamastyl.cz\/wp-content\/uploads\/2017\/12\/Zamek-150x150.jpg\" class=\"attachment-thumbnail size-thumbnail\" alt=\"\" \/><\/a>\n\t\t\t<\/dt><\/dl><dl class='gallery-item'>\n\t\t\t<dt class='gallery-icon landscape'>\n\t\t\t\t<a href='https:\/\/www.reklamastyl.cz\/wp-content\/uploads\/2017\/12\/P1010057.jpg'><img loading=\"lazy\" decoding=\"async\" width=\"150\" height=\"150\" src=\"https:\/\/www.reklamastyl.cz\/wp-content\/uploads\/2017\/12\/P1010057-150x150.jpg\" class=\"attachment-thumbnail size-thumbnail\" alt=\"\" \/><\/a>\n\t\t\t<\/dt><\/dl><dl class='gallery-item'>\n\t\t\t<dt class='gallery-icon landscape'>\n\t\t\t\t<a href='https:\/\/www.reklamastyl.cz\/wp-content\/uploads\/2017\/12\/DSCF3116.jpg'><img loading=\"lazy\" decoding=\"async\" width=\"150\" height=\"150\" src=\"https:\/\/www.reklamastyl.cz\/wp-content\/uploads\/2017\/12\/DSCF3116-150x150.jpg\" class=\"attachment-thumbnail size-thumbnail\" alt=\"\" \/><\/a>\n\t\t\t<\/dt><\/dl><dl class='gallery-item'>\n\t\t\t<dt class='gallery-icon landscape'>\n\t\t\t\t<a href='https:\/\/www.reklamastyl.cz\/wp-content\/uploads\/2017\/12\/IMG_1230.jpg'><img loading=\"lazy\" decoding=\"async\" width=\"150\" height=\"150\" src=\"https:\/\/www.reklamastyl.cz\/wp-content\/uploads\/2017\/12\/IMG_1230-150x150.jpg\" class=\"attachment-thumbnail size-thumbnail\" alt=\"\" \/><\/a>\n\t\t\t<\/dt><\/dl><dl class='gallery-item'>\n\t\t\t<dt class='gallery-icon landscape'>\n\t\t\t\t<a href='https:\/\/www.reklamastyl.cz\/wp-content\/uploads\/2017\/12\/IMG_1271.jpg'><img loading=\"lazy\" decoding=\"async\" width=\"150\" height=\"150\" src=\"https:\/\/www.reklamastyl.cz\/wp-content\/uploads\/2017\/12\/IMG_1271-150x150.jpg\" class=\"attachment-thumbnail size-thumbnail\" alt=\"\" \/><\/a>\n\t\t\t<\/dt><\/dl><dl class='gallery-item'>\n\t\t\t<dt class='gallery-icon landscape'>\n\t\t\t\t<a href='https:\/\/www.reklamastyl.cz\/wp-content\/uploads\/2017\/12\/IMG_1845.jpg'><img loading=\"lazy\" decoding=\"async\" width=\"150\" height=\"150\" src=\"https:\/\/www.reklamastyl.cz\/wp-content\/uploads\/2017\/12\/IMG_1845-150x150.jpg\" class=\"attachment-thumbnail size-thumbnail\" alt=\"\" \/><\/a>\n\t\t\t<\/dt><\/dl><br style=\"clear: both\" \/>\n\t\t<\/div>\n\n<h4>\u00a0&#8211; v\u00fdrobky, produkty<br \/>\n&#8211; exteri\u00e9ry a interi\u00e9ry<br \/>\n&#8211; provozy, v\u00fdroba<br \/>\n&#8211; akce, rauty, oslavy<br \/>\n&#8211; n\u00e1vody, manu\u00e1ly<\/h4>\n","protected":false},"excerpt":{"rendered":"<p>\u00a0&#8211; v\u00fdrobky, produkty &#8211; exteri\u00e9ry a interi\u00e9ry &#8211; provozy, v\u00fdroba &#8211; akce, rauty, oslavy &#8211; n\u00e1vody, manu\u00e1ly<\/p>\n","protected":false},"author":1,"featured_media":0,"parent":0,"menu_order":0,"comment_status":"closed","ping_status":"closed","template":"Page-fullwidth.php","meta":{"footnotes":""},"class_list":["post-244","page","type-page","status-publish","hentry"],"_links":{"self":[{"href":"https:\/\/www.reklamastyl.cz\/index.php\/wp-json\/wp\/v2\/pages\/244","targetHints":{"allow":["GET"]}}],"collection":[{"href":"https:\/\/www.reklamastyl.cz\/index.php\/wp-json\/wp\/v2\/pages"}],"about":[{"href":"https:\/\/www.reklamastyl.cz\/index.php\/wp-json\/wp\/v2\/types\/page"}],"author":[{"embeddable":true,"href":"https:\/\/www.reklamastyl.cz\/index.php\/wp-json\/wp\/v2\/users\/1"}],"replies":[{"embeddable":true,"href":"https:\/\/www.reklamastyl.cz\/index.php\/wp-json\/wp\/v2\/comments?post=244"}],"version-history":[{"count":14,"href":"https:\/\/www.reklamastyl.cz\/index.php\/wp-json\/wp\/v2\/pages\/244\/revisions"}],"predecessor-version":[{"id":447,"href":"https:\/\/www.reklamastyl.cz\/index.php\/wp-json\/wp\/v2\/pages\/244\/revisions\/447"}],"wp:attachment":[{"href":"https:\/\/www.reklamastyl.cz\/index.php\/wp-json\/wp\/v2\/media?parent=244"}],"curies":[{"name":"wp","href":"https:\/\/api.w.org\/{rel}","templated":true}]}}