{"id":246,"date":"2017-12-07T13:07:35","date_gmt":"2017-12-07T13:07:35","guid":{"rendered":"http:\/\/www.reklamastyl.cz\/?page_id=246"},"modified":"2025-03-12T16:59:46","modified_gmt":"2025-03-12T16:59:46","slug":"film","status":"publish","type":"page","link":"https:\/\/www.reklamastyl.cz\/index.php\/film\/","title":{"rendered":"Film"},"content":{"rendered":"<h5><strong><span style=\"color: #008000;\">KLIP NA VODN\u00cd N\u00c1DR\u017dE<\/span><\/strong><\/h5>\n<p><iframe loading=\"lazy\" width=\"750\" height=\"422\" src=\"https:\/\/www.youtube.com\/embed\/7ohBbX923RU?feature=oembed\" frameborder=\"0\" allow=\"accelerometer; autoplay; clipboard-write; encrypted-media; gyroscope; picture-in-picture; web-share\" referrerpolicy=\"strict-origin-when-cross-origin\" allowfullscreen title=\"Bresco\"><\/iframe><\/p>\n<h5><span style=\"color: #008000;\"><strong>KLIP NA VLO\u017dKY<\/strong><\/span><\/h5>\n<p><iframe loading=\"lazy\" width=\"750\" height=\"422\" src=\"https:\/\/www.youtube.com\/embed\/pm3CNTV8e68?feature=oembed\" frameborder=\"0\" allow=\"accelerometer; autoplay; clipboard-write; encrypted-media; gyroscope; picture-in-picture; web-share\" referrerpolicy=\"strict-origin-when-cross-origin\" allowfullscreen title=\"Fide final\"><\/iframe><\/p>\n<h5><span style=\"color: #008000;\"><strong>NAT\u00c1\u010cEN\u00cd SVATBY<\/strong><\/span><\/h5>\n<p><iframe loading=\"lazy\" width=\"750\" height=\"422\" src=\"https:\/\/www.youtube.com\/embed\/3mBLGnG0hXI?start=4&#038;feature=oembed\" frameborder=\"0\" allow=\"accelerometer; autoplay; clipboard-write; encrypted-media; gyroscope; picture-in-picture; web-share\" referrerpolicy=\"strict-origin-when-cross-origin\" allowfullscreen title=\"\u010cerven\u00e1 Lhota\"><\/iframe><\/p>\n<h5><strong><span style=\"color: #008000;\">CLIP NA V\u00ddROBEK<\/span><\/strong><\/h5>\n<p><iframe loading=\"lazy\" width=\"750\" height=\"422\" src=\"https:\/\/www.youtube.com\/embed\/TGLQgeJVvgM?feature=oembed\" frameborder=\"0\" allow=\"accelerometer; autoplay; clipboard-write; encrypted-media; gyroscope; picture-in-picture; web-share\" referrerpolicy=\"strict-origin-when-cross-origin\" allowfullscreen title=\"Fide1\"><\/iframe><\/p>\n<h5 style=\"text-align: left;\"><\/h5>\n","protected":false},"excerpt":{"rendered":"<p>KLIP NA VODN\u00cd N\u00c1DR\u017dE KLIP NA VLO\u017dKY NAT\u00c1\u010cEN\u00cd SVATBY CLIP NA V\u00ddROBEK<\/p>\n","protected":false},"author":1,"featured_media":0,"parent":0,"menu_order":0,"comment_status":"closed","ping_status":"closed","template":"Page-fullwidth.php","meta":{"footnotes":""},"class_list":["post-246","page","type-page","status-publish","hentry"],"_links":{"self":[{"href":"https:\/\/www.reklamastyl.cz\/index.php\/wp-json\/wp\/v2\/pages\/246","targetHints":{"allow":["GET"]}}],"collection":[{"href":"https:\/\/www.reklamastyl.cz\/index.php\/wp-json\/wp\/v2\/pages"}],"about":[{"href":"https:\/\/www.reklamastyl.cz\/index.php\/wp-json\/wp\/v2\/types\/page"}],"author":[{"embeddable":true,"href":"https:\/\/www.reklamastyl.cz\/index.php\/wp-json\/wp\/v2\/users\/1"}],"replies":[{"embeddable":true,"href":"https:\/\/www.reklamastyl.cz\/index.php\/wp-json\/wp\/v2\/comments?post=246"}],"version-history":[{"count":24,"href":"https:\/\/www.reklamastyl.cz\/index.php\/wp-json\/wp\/v2\/pages\/246\/revisions"}],"predecessor-version":[{"id":1219,"href":"https:\/\/www.reklamastyl.cz\/index.php\/wp-json\/wp\/v2\/pages\/246\/revisions\/1219"}],"wp:attachment":[{"href":"https:\/\/www.reklamastyl.cz\/index.php\/wp-json\/wp\/v2\/media?parent=246"}],"curies":[{"name":"wp","href":"https:\/\/api.w.org\/{rel}","templated":true}]}}