{"id":57,"date":"2017-12-04T13:14:37","date_gmt":"2017-12-04T13:14:37","guid":{"rendered":"http:\/\/www.reklamastyl.cz\/?page_id=57"},"modified":"2023-11-29T19:06:51","modified_gmt":"2023-11-29T19:06:51","slug":"kontakt","status":"publish","type":"page","link":"https:\/\/www.reklamastyl.cz\/index.php\/kontakt\/","title":{"rendered":"Kontakt"},"content":{"rendered":"<p><img loading=\"lazy\" decoding=\"async\" class=\" wp-image-544 alignright\" src=\"http:\/\/www.reklamastyl.cz\/wp-content\/uploads\/2017\/12\/1-5422506-288x300.jpg\" alt=\"\" width=\"451\" height=\"470\" srcset=\"https:\/\/www.reklamastyl.cz\/wp-content\/uploads\/2017\/12\/1-5422506-288x300.jpg 288w, https:\/\/www.reklamastyl.cz\/wp-content\/uploads\/2017\/12\/1-5422506.jpg 693w\" sizes=\"auto, (max-width: 451px) 100vw, 451px\" \/><\/p>\n<h2><strong><span style=\"color: #008000;\">Reklama STYL<\/span><\/strong><\/h2>\n<h4 style=\"text-align: left;\">Ladislav Pla\u010dek<\/h4>\n<h4 style=\"text-align: left;\">Zem\u011bd\u011blsk\u00e1 463, 588 32 Brtnice<\/h4>\n<h4 style=\"text-align: left;\">Tel.: 602\u00a0116\u00a0575<\/h4>\n<h4>Email: info@reklamastyl.cz<\/h4>\n<h4>Email: ladislav.placek@reklamastyl.cz<\/h4>\n<p>&nbsp;<\/p>\n<h4 style=\"text-align: left;\"><span style=\"color: #008000;\"><strong>Faktura\u010dn\u00ed adresa:<\/strong><\/span><br \/>\nLadislav Pla\u010dek<br \/>\nZem\u011bd\u011blsk\u00e1 463, 588 32 Brtnice<\/h4>\n<h4 style=\"text-align: left;\">I\u010cO: 64347630<br \/>\nDI\u010c: CZ6603070958<br \/>\n\u010d.\u00fa. KB 86-2681570277\/0100<\/h4>\n<p>&nbsp;<\/p>\n<p>http:\/\/<div role=\"form\" class=\"wpcf7\" id=\"wpcf7-f1131-o1\" lang=\"cs-CZ\" dir=\"ltr\">\n<div class=\"screen-reader-response\"><\/div>\n<form action=\"\/index.php\/wp-json\/wp\/v2\/pages\/57#wpcf7-f1131-o1\" method=\"post\" class=\"wpcf7-form\" novalidate=\"novalidate\">\n<div style=\"display: none;\">\n<input type=\"hidden\" name=\"_wpcf7\" value=\"1131\" \/>\n<input type=\"hidden\" name=\"_wpcf7_version\" value=\"4.9.1\" \/>\n<input type=\"hidden\" name=\"_wpcf7_locale\" value=\"cs_CZ\" \/>\n<input type=\"hidden\" name=\"_wpcf7_unit_tag\" value=\"wpcf7-f1131-o1\" \/>\n<input type=\"hidden\" name=\"_wpcf7_container_post\" value=\"0\" \/>\n<\/div>\n<p><label> Va\u0161e jm\u00e9no\/firma<br \/>\n    <span class=\"wpcf7-form-control-wrap your-name\"><input type=\"text\" name=\"your-name\" value=\"\" size=\"40\" class=\"wpcf7-form-control wpcf7-text wpcf7-validates-as-required\" aria-required=\"true\" aria-invalid=\"false\" \/><\/span> <\/label><\/p>\n<p><label> V\u00e1\u0161 telefon<br \/>\n    <span class=\"wpcf7-form-control-wrap your-subject\"><input type=\"text\" name=\"your-subject\" value=\"\" size=\"40\" class=\"wpcf7-form-control wpcf7-text\" aria-invalid=\"false\" \/><\/span> <\/label><\/p>\n<p><label> V\u00e1\u0161 e-mail<br \/>\n    <span class=\"wpcf7-form-control-wrap your-email\"><input type=\"email\" name=\"your-email\" value=\"\" size=\"40\" class=\"wpcf7-form-control wpcf7-text wpcf7-email wpcf7-validates-as-required wpcf7-validates-as-email\" aria-required=\"true\" aria-invalid=\"false\" \/><\/span> <\/label><\/p>\n<p><label> P\u0159edm\u011bt<br \/>\n    <span class=\"wpcf7-form-control-wrap your-subject\"><input type=\"text\" name=\"your-subject\" value=\"\" size=\"40\" class=\"wpcf7-form-control wpcf7-text\" aria-invalid=\"false\" \/><\/span> <\/label><\/p>\n<p><label> Va\u0161e zpr\u00e1va<br \/>\n    <span class=\"wpcf7-form-control-wrap your-message\"><textarea name=\"your-message\" cols=\"40\" rows=\"10\" class=\"wpcf7-form-control wpcf7-textarea\" aria-invalid=\"false\"><\/textarea><\/span> <\/label><\/p>\n<p><input type=\"submit\" value=\"Odeslat\" class=\"wpcf7-form-control wpcf7-submit\" \/><\/p>\n<div class=\"wpcf7-response-output wpcf7-display-none\"><\/div><\/form><\/div><\/p>\n<p>&nbsp;<\/p>\n","protected":false},"excerpt":{"rendered":"<p>Reklama STYL Ladislav Pla\u010dek Zem\u011bd\u011blsk\u00e1 463, 588 32 Brtnice Tel.: 602\u00a0116\u00a0575 Email: info@reklamastyl.cz Email: ladislav.placek@reklamastyl.cz &nbsp; Faktura\u010dn\u00ed adresa: Ladislav Pla\u010dek Zem\u011bd\u011blsk\u00e1 463, 588 32 Brtnice I\u010cO: 64347630 DI\u010c: CZ6603070958 \u010d.\u00fa. KB 86-2681570277\/0100 &nbsp; http:\/\/ &nbsp;<\/p>\n","protected":false},"author":1,"featured_media":0,"parent":0,"menu_order":0,"comment_status":"closed","ping_status":"closed","template":"Page-fullwidth.php","meta":{"footnotes":""},"class_list":["post-57","page","type-page","status-publish","hentry"],"_links":{"self":[{"href":"https:\/\/www.reklamastyl.cz\/index.php\/wp-json\/wp\/v2\/pages\/57","targetHints":{"allow":["GET"]}}],"collection":[{"href":"https:\/\/www.reklamastyl.cz\/index.php\/wp-json\/wp\/v2\/pages"}],"about":[{"href":"https:\/\/www.reklamastyl.cz\/index.php\/wp-json\/wp\/v2\/types\/page"}],"author":[{"embeddable":true,"href":"https:\/\/www.reklamastyl.cz\/index.php\/wp-json\/wp\/v2\/users\/1"}],"replies":[{"embeddable":true,"href":"https:\/\/www.reklamastyl.cz\/index.php\/wp-json\/wp\/v2\/comments?post=57"}],"version-history":[{"count":71,"href":"https:\/\/www.reklamastyl.cz\/index.php\/wp-json\/wp\/v2\/pages\/57\/revisions"}],"predecessor-version":[{"id":1208,"href":"https:\/\/www.reklamastyl.cz\/index.php\/wp-json\/wp\/v2\/pages\/57\/revisions\/1208"}],"wp:attachment":[{"href":"https:\/\/www.reklamastyl.cz\/index.php\/wp-json\/wp\/v2\/media?parent=57"}],"curies":[{"name":"wp","href":"https:\/\/api.w.org\/{rel}","templated":true}]}}