{"id":59,"date":"2017-12-04T13:14:45","date_gmt":"2017-12-04T13:14:45","guid":{"rendered":"http:\/\/www.reklamastyl.cz\/?page_id=59"},"modified":"2017-12-08T12:54:56","modified_gmt":"2017-12-08T12:54:56","slug":"vyroba","status":"publish","type":"page","link":"https:\/\/www.reklamastyl.cz\/index.php\/vyroba\/","title":{"rendered":"V\u00fdroba"},"content":{"rendered":"<h2><span style=\"color: #008000;\"><strong><img loading=\"lazy\" decoding=\"async\" class=\"wp-image-567 alignleft\" src=\"http:\/\/www.reklamastyl.cz\/wp-content\/uploads\/2017\/12\/1-2501216-228x300.jpg\" alt=\"\" width=\"292\" height=\"384\" srcset=\"https:\/\/www.reklamastyl.cz\/wp-content\/uploads\/2017\/12\/1-2501216-228x300.jpg 228w, https:\/\/www.reklamastyl.cz\/wp-content\/uploads\/2017\/12\/1-2501216.jpg 616w\" sizes=\"auto, (max-width: 292px) 100vw, 292px\" \/>Osobn\u00ed a firemn\u00ed identita<\/strong><\/span><\/h2>\n<h4>Rozj\u00ed\u017ed\u00edte podnik\u00e1n\u00ed? P\u0159em\u00fd\u0161l\u00edte o logu, vizitce a dal\u0161\u00edch materi\u00e1lech? Pot\u0159ebujete vyrobit ceduli, billboard nebo banner? Pomoc\u00ed \u0159ezan\u00e9 grafiky vytvo\u0159it n\u00e1pis na v\u00fdlohu nebo na naviga\u010dn\u00ed syst\u00e9m? Ozna\u010dit budovu \u010di polepit auto? Navrhneme V\u00e1m vhodn\u00fd materi\u00e1l i zp\u016fsob um\u00edst\u011bn\u00ed. V p\u0159\u00edpad\u011b, \u017ee pot\u0159ebujete vybavit firmu stojany, vlajkami \u010di jin\u00fdm nosi\u010dem reklamy, navrhneme a zpracujeme v\u0161e na m\u00edru.<\/h4>\n<h4>Dod\u00e1me V\u00e1m reklamn\u00ed p\u0159edm\u011bty nebo V\u00e1m navrhneme vlastn\u00ed d\u00e1rek. Originalita je krok k \u00fasp\u011bchu a Va\u0161i partne\u0159i ji jist\u011b ocen\u00ed.<\/h4>\n","protected":false},"excerpt":{"rendered":"<p>Osobn\u00ed a firemn\u00ed identita Rozj\u00ed\u017ed\u00edte podnik\u00e1n\u00ed? P\u0159em\u00fd\u0161l\u00edte o logu, vizitce a dal\u0161\u00edch materi\u00e1lech? Pot\u0159ebujete vyrobit ceduli, billboard nebo banner? Pomoc\u00ed \u0159ezan\u00e9 grafiky vytvo\u0159it n\u00e1pis na v\u00fdlohu nebo na naviga\u010dn\u00ed syst\u00e9m? Ozna\u010dit budovu \u010di polepit auto? Navrhneme V\u00e1m vhodn\u00fd materi\u00e1l i zp\u016fsob um\u00edst\u011bn\u00ed. V p\u0159\u00edpad\u011b, \u017ee pot\u0159ebujete vybavit firmu stojany, vlajkami \u010di jin\u00fdm nosi\u010dem reklamy, navrhneme [&hellip;]<\/p>\n","protected":false},"author":1,"featured_media":0,"parent":0,"menu_order":0,"comment_status":"closed","ping_status":"closed","template":"Page-fullwidth.php","meta":{"footnotes":""},"class_list":["post-59","page","type-page","status-publish","hentry"],"_links":{"self":[{"href":"https:\/\/www.reklamastyl.cz\/index.php\/wp-json\/wp\/v2\/pages\/59","targetHints":{"allow":["GET"]}}],"collection":[{"href":"https:\/\/www.reklamastyl.cz\/index.php\/wp-json\/wp\/v2\/pages"}],"about":[{"href":"https:\/\/www.reklamastyl.cz\/index.php\/wp-json\/wp\/v2\/types\/page"}],"author":[{"embeddable":true,"href":"https:\/\/www.reklamastyl.cz\/index.php\/wp-json\/wp\/v2\/users\/1"}],"replies":[{"embeddable":true,"href":"https:\/\/www.reklamastyl.cz\/index.php\/wp-json\/wp\/v2\/comments?post=59"}],"version-history":[{"count":5,"href":"https:\/\/www.reklamastyl.cz\/index.php\/wp-json\/wp\/v2\/pages\/59\/revisions"}],"predecessor-version":[{"id":570,"href":"https:\/\/www.reklamastyl.cz\/index.php\/wp-json\/wp\/v2\/pages\/59\/revisions\/570"}],"wp:attachment":[{"href":"https:\/\/www.reklamastyl.cz\/index.php\/wp-json\/wp\/v2\/media?parent=59"}],"curies":[{"name":"wp","href":"https:\/\/api.w.org\/{rel}","templated":true}]}}